{"id":96,"date":"2023-12-21T19:50:10","date_gmt":"2023-12-21T19:50:10","guid":{"rendered":"https:\/\/personeriaelcopey.com.co\/?page_id=96"},"modified":"2023-12-22T14:19:48","modified_gmt":"2023-12-22T14:19:48","slug":"preguntas-frecuentes","status":"publish","type":"page","link":"https:\/\/personeriaelcopey.com.co\/index.php\/servicios-al-ciudadano\/preguntas-frecuentes\/","title":{"rendered":"Preguntas frecuentes"},"content":{"rendered":"\n<p class=\"has-text-align-center\"><strong>PREGUNTAS FRECUENTES<\/strong><\/p>\n\n\n\n<p>Preguntas frecuentes del Ciudadano, si tienes m\u00e1s preguntas, por favor accede a&nbsp;<a href=\"https:\/\/personeriaelcopey.com.co\/index.php\/contactenos\/\" title=\"\">Contactanos<\/a><\/p>\n\n\n\n<details class=\"wp-block-details is-layout-flow wp-block-details-is-layout-flow\"><summary><strong>\u00bfQu\u00e9 son las Juntas Administradoras Locales?<\/strong><\/summary>\n<p><br>Es un organismo corporativo de participaci\u00f3n comunitaria, creado por la Ley, cuya finalidad es la de mejorar la Administraci\u00f3n y la prestaci\u00f3n de servicios p\u00fablicos , asegurando la participaci\u00f3n de la ciudadan\u00eda en el manejo de los asuntos locales en los municipios con una poblaci\u00f3n superior a los 5.000 habitantes.<br><br>En cada una de las comunas y corregimientos habr\u00e1 una Junta Administradora Local de elecci\u00f3n popular integrada por el n\u00famero de miembros que se\u00f1ala la ley. Sus funciones consisten en:<br><br><strong>1.<\/strong>&nbsp;Participar en la elaboraci\u00f3n de los planes y programas municipales de desarrollo econ\u00f3mico y social, y de obras p\u00fablicas.<br><strong>2.<\/strong>&nbsp;Vigilar y controlar la prestaci\u00f3n de los servicios municipales en su comuna o corregimiento y las inversiones que se realicen con recursos p\u00fablicos.<br><strong>3.<\/strong>&nbsp;Formular propuestas de inversi\u00f3n ante las distintas autoridades encargadas de la elaboraci\u00f3n de los planes de inversi\u00f3n.<br><strong>4.<\/strong>&nbsp;Distribuir las partidas que la ley asigne en el presupuesto municipal.<br><strong>5.<\/strong>&nbsp;Presentar proyectos de acuerdo al Concejo Municipal, relacionados con el objeto de sus funciones.<br><strong>6.<\/strong>&nbsp;Recomendar la aprobaci\u00f3n de determinados impuestos y contribuciones.<br><strong>7.<\/strong>&nbsp;Promover, en coordinaci\u00f3n con las diferentes instituciones c\u00edvicas y juntas de acci\u00f3n comunal, la activa participaci\u00f3n de los ciudadanos en asuntos locales.<br><strong>8.<\/strong>&nbsp;Fomentar la micro-empresa, famiempresa, empresas comunitarias de econom\u00eda solidaria, talleres mixtos, bancos de tierra, bancos de maquinaria y actividades similares.<br><strong>9.<\/strong>&nbsp;Colaborar con los habitantes de la COMUNA o corregimiento en la defensa de los derechos fundamentales consagrados en la Constituci\u00f3n Pol\u00edtica, tales como: Derecho de Petici\u00f3n y Acci\u00f3n de Tutela.<br><strong>10.<\/strong>&nbsp;Elaborar ternas para el nombramiento de Corregidores.<br><strong>11.<\/strong>&nbsp;Ejercer las funciones que les delegue el Concejo y otras autoridades locales.<br><strong>12.<\/strong>Rendir concepto acerca de la conveniencia de las partidas presupuestales solicitadas a la administraci\u00f3n o propuestas por el Alcalde, antes de la presentaci\u00f3n del proyecto de inversi\u00f3n y presupuesto anual al Concejo Municipal.<br><strong>13.<\/strong>&nbsp;Presentar planes y proyectos de inversi\u00f3n social relativos a su jurisdicci\u00f3n.<br><strong>14.<\/strong>&nbsp;Convocar y celebrar las audiencias p\u00fablicas que consideren convenientes para el ejercicio de sus funciones.<br><strong>15.<\/strong>&nbsp;Celebrar al menos dos cabildos abiertos por per\u00edodo de sesiones.<br><strong>16.<\/strong>&nbsp;Distribuir partidas globales con sujeci\u00f3n a los planes de desarrollo del Municipio, atendiendo a las necesidades b\u00e1sicas insatisfechas en su corregimiento o comuna, garantizando la participaci\u00f3n ciudadana.<\/p>\n<\/details>\n\n\n\n<details class=\"wp-block-details is-layout-flow wp-block-details-is-layout-flow\"><summary><strong>\u00bfCu\u00e1les son los principales objetivos de la Acci\u00f3n Comunal?<\/strong><\/summary>\n<p><strong>A.<\/strong>&nbsp;Promover y fortalecer en el individuo, el sentido de pertenencia frente a su comunidad, localidad, distrito o municipio a trav\u00e9s del ejercicio de la democracia participativa.<br><strong>B.<\/strong>&nbsp;Crear y desarrollar procesos de formaci\u00f3n para el ejercicio de la democracia.<br><strong>C.<\/strong>&nbsp;Planificar el desarrollo integral y sostenible de la comunidad.<br><strong>D.<\/strong>&nbsp;Establecer los canales de comunicaci\u00f3n necesarios para el desarrollo de sus actividades.<br><strong>E.<\/strong>&nbsp;Generar procesos comunitarios aut\u00f3nomos de identificaci\u00f3n, formulaci\u00f3n, ejecuci\u00f3n, administraci\u00f3n y evaluaci\u00f3n de planes, programas y proyectos de desarrollo comunitario.<br><strong>F.<\/strong>&nbsp;Celebrar contratos con empresas p\u00fablicas y privadas del orden internacional, nacional, departamental, municipal y local, con el fin de impulsar planes, programas y proyectos acordes con los planes comunitarios y territoriales de desarrollo.<br><strong>G.<\/strong>&nbsp;Crear y desarrollar procesos econ\u00f3micos de car\u00e1cter colectivo y solidario para lo cual podr\u00e1n celebrar contratos de empr\u00e9stito con entidades nacionales o internacionales.<br><strong>H.<\/strong>&nbsp;Desarrollar procesos para la recuperaci\u00f3n, recreaci\u00f3n y fomento de las diferentes manifestaciones culturales, recreativas y deportivas, que fortalezcan la identidad comunal y nacional.<br><strong>I.<\/strong>&nbsp;Lograr que la comunidad est\u00e9 permanentemente informada sobre el desarrollo de los hechos, pol\u00edticas, programas y servicios del Estado y de las entidades que incidan en su bienestar y desarrollo.<br><strong>J.<\/strong>&nbsp;Divulgar, promover y velar por el ejercicio de los derechos humanos, fundamentales y del medio ambiente consagrados en la Constituci\u00f3n y la ley.<\/p>\n\n\n\n<p>Entre otros Objetivos incluidas en la Ley 743 de 2002. (Reglamentaci\u00f3n: Decreto 1930 de 1979, Decreto 300 de 1987, Decreto 2726 de 1980 y las Resoluciones 2070 de 1987, 759 de 1996, 110 de 1996 y 652.)<\/p>\n<\/details>\n\n\n\n<details class=\"wp-block-details is-layout-flow wp-block-details-is-layout-flow\"><summary><strong>\u00bfQu\u00e9 principios rigen la Acci\u00f3n Comunal?<\/strong><\/summary>\n<p>Los principios que rigen la Acci\u00f3n Comunal incluyen el reconocimiento de la diversidad y el respeto a la diferencia, la valoraci\u00f3n de la agrupaci\u00f3n organizada de personas, la construcci\u00f3n de identidad cultural, sustentabilidad, equidad y justicia social, y la promoci\u00f3n de la solidaridad, capacitaci\u00f3n, organizaci\u00f3n y participaci\u00f3n.<\/p>\n<\/details>\n\n\n\n<details class=\"wp-block-details is-layout-flow wp-block-details-is-layout-flow\"><summary><strong>\u00bfCu\u00e1les son los mecanismos de Participaci\u00f3n Comunitaria?<\/strong><\/summary>\n<p>Los mecanismos de participaci\u00f3n comunitaria incluyen las Juntas de Acci\u00f3n Comunal, corporaciones c\u00edvicas sin \u00e1nimo de lucro que se componen de vecinos de un barrio o sector, y se rigen por la Ley 743 de 2002. Los requisitos de afiliaci\u00f3n incluyen ser persona natural, residir dentro del radio de acci\u00f3n, tener m\u00e1s de 14 a\u00f1os y presentar documento de identidad.<\/p>\n<\/details>\n\n\n\n<details class=\"wp-block-details is-layout-flow wp-block-details-is-layout-flow\"><summary><strong>\u00bfCu\u00e1les son los frentes de Participaci\u00f3n y Gesti\u00f3n?<\/strong><\/summary>\n<p>Hay diversos frentes de participaci\u00f3n y gesti\u00f3n, tales como participaci\u00f3n en los planes de desarrollo, en temas de salud, servicios p\u00fablicos domiciliarios, desarrollo rural y medio ambiente, y actividades para j\u00f3venes y la tercera edad. Cada frente tiene sus propios mecanismos y organismos para la participaci\u00f3n ciudadana.<\/p>\n<\/details>\n\n\n\n<details class=\"wp-block-details is-layout-flow wp-block-details-is-layout-flow\"><summary><strong>\u00bfQu\u00e9 medios existen para participar en Participaci\u00f3n y Gesti\u00f3n?<\/strong><\/summary>\n<p>La participaci\u00f3n y gesti\u00f3n se logran a trav\u00e9s de diversos medios, como la participaci\u00f3n en consejos y comit\u00e9s, mesas de trabajo, juntas asesoras, comisiones locales, entre otros, dependiendo del \u00e1mbito de inter\u00e9s, como seguridad, pol\u00edtica, convivencia, educaci\u00f3n, deportes, entre otros.<\/p>\n<\/details>\n\n\n\n<details class=\"wp-block-details is-layout-flow wp-block-details-is-layout-flow\"><summary><strong>\u00bfQu\u00e9 es participar en Participaci\u00f3n y Gesti\u00f3n?<\/strong><\/summary>\n<p>Participar en participaci\u00f3n y gesti\u00f3n implica involucrarse activamente en procesos de planeaci\u00f3n y ejecuci\u00f3n de proyectos comunitarios. Este enfoque renovador fomenta el encuentro comunitario, revitaliza liderazgos y busca consensos que beneficien a la comunidad, atendiendo a las necesidades prioritarias y mejorando la calidad de vida.<\/p>\n<\/details>\n\n\n\n<details class=\"wp-block-details is-layout-flow wp-block-details-is-layout-flow\"><summary><strong>\u00bfCu\u00e1les son los mecanismos de Participaci\u00f3n Pol\u00edtica?<\/strong><\/summary>\n<p>Los mecanismos de participaci\u00f3n pol\u00edtica incluyen el voto, plebiscito, referendo, consulta popular, cabildo abierto, revocatoria del mandato e iniciativa legislativa. Cada uno permite a los ciudadanos participar directa o indirectamente en decisiones pol\u00edticas a nivel local, regional o nacional.<\/p>\n<\/details>\n\n\n\n<details class=\"wp-block-details is-layout-flow wp-block-details-is-layout-flow\"><summary><strong>\u00bfCu\u00e1les se consideran derechos fundamentales?<\/strong><\/summary>\n<p>Los derechos fundamentales son inherentes a la persona humana y abarcan tanto derechos individuales como sociales necesarios para una vida digna. En Colombia, la Corte Constitucional ha reconocido ciertos derechos sociales como fundamentales, garantizando una vida digna para todos.<\/p>\n<\/details>\n","protected":false},"excerpt":{"rendered":"<p>PREGUNTAS FRECUENTES Preguntas frecuentes del Ciudadano, si tienes m\u00e1s preguntas, por favor accede a&nbsp;Contactanos<\/p>\n","protected":false},"author":1,"featured_media":0,"parent":151,"menu_order":32,"comment_status":"closed","ping_status":"closed","template":"","meta":{"om_disable_all_campaigns":false,"_monsterinsights_skip_tracking":false,"_monsterinsights_sitenote_active":false,"_monsterinsights_sitenote_note":"","_monsterinsights_sitenote_category":0,"footnotes":""},"class_list":["post-96","page","type-page","status-publish","hentry"],"_links":{"self":[{"href":"https:\/\/personeriaelcopey.com.co\/index.php\/wp-json\/wp\/v2\/pages\/96","targetHints":{"allow":["GET"]}}],"collection":[{"href":"https:\/\/personeriaelcopey.com.co\/index.php\/wp-json\/wp\/v2\/pages"}],"about":[{"href":"https:\/\/personeriaelcopey.com.co\/index.php\/wp-json\/wp\/v2\/types\/page"}],"author":[{"embeddable":true,"href":"https:\/\/personeriaelcopey.com.co\/index.php\/wp-json\/wp\/v2\/users\/1"}],"replies":[{"embeddable":true,"href":"https:\/\/personeriaelcopey.com.co\/index.php\/wp-json\/wp\/v2\/comments?post=96"}],"version-history":[{"count":13,"href":"https:\/\/personeriaelcopey.com.co\/index.php\/wp-json\/wp\/v2\/pages\/96\/revisions"}],"predecessor-version":[{"id":197,"href":"https:\/\/personeriaelcopey.com.co\/index.php\/wp-json\/wp\/v2\/pages\/96\/revisions\/197"}],"up":[{"embeddable":true,"href":"https:\/\/personeriaelcopey.com.co\/index.php\/wp-json\/wp\/v2\/pages\/151"}],"wp:attachment":[{"href":"https:\/\/personeriaelcopey.com.co\/index.php\/wp-json\/wp\/v2\/media?parent=96"}],"curies":[{"name":"wp","href":"https:\/\/api.w.org\/{rel}","templated":true}]}}