{"id":94,"date":"2023-12-21T19:49:47","date_gmt":"2023-12-21T19:49:47","guid":{"rendered":"https:\/\/personeriaelcopey.com.co\/?page_id=94"},"modified":"2023-12-22T14:25:59","modified_gmt":"2023-12-22T14:25:59","slug":"carta-de-trato-digno-al-usuario","status":"publish","type":"page","link":"https:\/\/personeriaelcopey.com.co\/index.php\/servicios-al-ciudadano\/carta-de-trato-digno-al-usuario\/","title":{"rendered":"Carta de trato digno al usuario"},"content":{"rendered":"\n<p class=\"has-text-align-center\"><strong>CARTA DE TRATO DIGNO AL USUARIO<\/strong><\/p>\n\n\n\n<p>La Personer\u00eda de Valledupar, en cumplimiento de lo dispuesto en el Art\u00edculo 7, numeral 5 de la Ley 1437 de 2011, que establece la obligaci\u00f3n de las entidades p\u00fablicas de &#8220;Expedir, hacer visible y actualizar una carta de trato digno al usuario donde la respectiva autoridad especifique todos los derechos de los usuarios y los medios puestos a su disposici\u00f3n para garantizarlos efectivamente&#8221;, se complace en informar a los usuarios y usuarias de sus servicios sobre los derechos espec\u00edficos que les corresponden y los recursos que la entidad ha implementado para asegurar su pleno goce y protecci\u00f3n.<\/p>\n\n\n\n<p><a href=\"https:\/\/www.minsalud.gov.co\/sites\/rid\/Lists\/BibliotecaDigital\/RIDE\/INEC\/IGUB\/ley-1437-de-2011.pdf\" target=\"_blank\" rel=\"noreferrer noopener\"><br>ley-1437-de-2011.pdf<\/a> <\/p>\n","protected":false},"excerpt":{"rendered":"<p>CARTA DE TRATO DIGNO AL USUARIO La Personer\u00eda de Valledupar, en cumplimiento de lo dispuesto en el Art\u00edculo 7, numeral 5 de la Ley 1437 de 2011, que establece la obligaci\u00f3n de<a class=\"moretag\" href=\"https:\/\/personeriaelcopey.com.co\/index.php\/servicios-al-ciudadano\/carta-de-trato-digno-al-usuario\/\">Leer m\u00e1s&#8230;<\/a><\/p>\n","protected":false},"author":1,"featured_media":0,"parent":151,"menu_order":31,"comment_status":"closed","ping_status":"closed","template":"","meta":{"om_disable_all_campaigns":false,"_monsterinsights_skip_tracking":false,"_monsterinsights_sitenote_active":false,"_monsterinsights_sitenote_note":"","_monsterinsights_sitenote_category":0,"footnotes":""},"class_list":["post-94","page","type-page","status-publish","hentry"],"_links":{"self":[{"href":"https:\/\/personeriaelcopey.com.co\/index.php\/wp-json\/wp\/v2\/pages\/94","targetHints":{"allow":["GET"]}}],"collection":[{"href":"https:\/\/personeriaelcopey.com.co\/index.php\/wp-json\/wp\/v2\/pages"}],"about":[{"href":"https:\/\/personeriaelcopey.com.co\/index.php\/wp-json\/wp\/v2\/types\/page"}],"author":[{"embeddable":true,"href":"https:\/\/personeriaelcopey.com.co\/index.php\/wp-json\/wp\/v2\/users\/1"}],"replies":[{"embeddable":true,"href":"https:\/\/personeriaelcopey.com.co\/index.php\/wp-json\/wp\/v2\/comments?post=94"}],"version-history":[{"count":7,"href":"https:\/\/personeriaelcopey.com.co\/index.php\/wp-json\/wp\/v2\/pages\/94\/revisions"}],"predecessor-version":[{"id":201,"href":"https:\/\/personeriaelcopey.com.co\/index.php\/wp-json\/wp\/v2\/pages\/94\/revisions\/201"}],"up":[{"embeddable":true,"href":"https:\/\/personeriaelcopey.com.co\/index.php\/wp-json\/wp\/v2\/pages\/151"}],"wp:attachment":[{"href":"https:\/\/personeriaelcopey.com.co\/index.php\/wp-json\/wp\/v2\/media?parent=94"}],"curies":[{"name":"wp","href":"https:\/\/api.w.org\/{rel}","templated":true}]}}