{"id":90,"date":"2023-12-21T19:48:55","date_gmt":"2023-12-21T19:48:55","guid":{"rendered":"https:\/\/personeriaelcopey.com.co\/?page_id=90"},"modified":"2024-02-01T01:50:06","modified_gmt":"2024-02-01T01:50:06","slug":"leyes","status":"publish","type":"page","link":"https:\/\/personeriaelcopey.com.co\/index.php\/nuestra-informacion\/normatividad\/leyes\/","title":{"rendered":"Leyes"},"content":{"rendered":"\n<p class=\"has-text-align-center\"><strong>Leyes<\/strong><\/p>\n\n\n\n<table id=\"tablepress-1\" class=\"tablepress tablepress-id-1\">\n<thead>\n<tr class=\"row-1\">\n\t<th class=\"column-1\">LEY<\/th><th class=\"column-2\">EXPEDICI\u00d3N<\/th><th class=\"column-3\">DESCRIPCI\u00d3N<\/th>\n<\/tr>\n<\/thead>\n<tbody class=\"row-striping row-hover\">\n<tr class=\"row-2\">\n\t<td class=\"column-1\"><a href=\"https:\/\/www.funcionpublica.gov.co\/eva\/gestornormativo\/norma.php?i=56882\" title=\"Ley 1712 de 2014 POPULAR\" rel=\"noopener nofollow\" target=\"_blank\">Ley 1712 de 2014 POPULAR<\/a><\/td><td class=\"column-2\">06\/03\/2014<\/td><td class=\"column-3\">Por medio de la cual se crea la Ley de Transparencia y del Derecho de Acceso a la Informaci\u00f3n P\u00fablica Nacional y se dictan otras disposiciones<\/td>\n<\/tr>\n<tr class=\"row-3\">\n\t<td class=\"column-1\"><a href=\"https:\/\/www.funcionpublica.gov.co\/eva\/gestornormativo\/norma.php?i=54297\" title=\"Ley 1676 de 2013 POPULAR\" rel=\"noopener nofollow\" target=\"_blank\">Ley 1676 de 2013 POPULAR<\/a><\/td><td class=\"column-2\">20\/08\/2013<\/td><td class=\"column-3\">Por la cual se promueve el acceso al cr\u00e9dito y se dictan normas sobre garant\u00edas mobiliarias<\/td>\n<\/tr>\n<tr class=\"row-4\">\n\t<td class=\"column-1\"><a href=\"https:\/\/www.funcionpublica.gov.co\/eva\/gestornormativo\/norma.php?i=52287#:~:text=Por%20la%20cual%20se%20crea,Mitigaci%C3%B3n%20de%20la%20Violencia%20Escolar.\" title=\"Ley 1620 de 2013 POPULAR\" rel=\"noopener nofollow\" target=\"_blank\">Ley 1620 de 2013 POPULAR<\/a><\/td><td class=\"column-2\">15\/03\/2013<\/td><td class=\"column-3\">Por la cual se crea el Sistema Nacional de Convivencia Escolar y Formaci\u00f3n para el Ejercicio de los Derechos Humanos, la Educaci\u00f3n para la Sexualidad y la Prevenci\u00f3n y Mitigaci\u00f3n de la Violencia Escolar<\/td>\n<\/tr>\n<tr class=\"row-5\">\n\t<td class=\"column-1\"><a href=\"https:\/\/www.funcionpublica.gov.co\/eva\/gestornormativo\/norma.php?i=48662#:~:text=Dicta%20disposiciones%20y%20se%20fija,que%20sea%20necesario%20vinculaci%C3%B3n%20laboral.m\" title=\"Ley 1565 de 2012 POPULAR\" rel=\"noopener nofollow\" target=\"_blank\">Ley 1565 de 2012 POPULAR<\/a><\/td><td class=\"column-2\">31\/07\/2012<\/td><td class=\"column-3\">Por medio de la cual se dictan disposiciones y se fijan incentivos para el retorno de los colombianos residentes en el extranjero<\/td>\n<\/tr>\n<tr class=\"row-6\">\n\t<td class=\"column-1\"><a href=\"https:\/\/www.funcionpublica.gov.co\/eva\/gestornormativo\/norma.php?i=48425\" title=\"Ley 1564 de 2012 POPULAR\" rel=\"noopener nofollow\" target=\"_blank\">Ley 1564 de 2012 POPULAR<\/a><\/td><td class=\"column-2\">12\/07\/2012<\/td><td class=\"column-3\">Por medio de la cual se expide el C\u00f3digo General del Proceso y se dictan otras disposiciones<\/td>\n<\/tr>\n<tr class=\"row-7\">\n\t<td class=\"column-1\"><a href=\"https:\/\/www.funcionpublica.gov.co\/eva\/gestornormativo\/norma.php?i=48379\" title=\"Ley 1561 de 2012 POPULAR\" rel=\"noopener nofollow\" target=\"_blank\">Ley 1561 de 2012 POPULAR<\/a><\/td><td class=\"column-2\">11\/07\/2012<\/td><td class=\"column-3\">por la cual se establece un proceso verbal especial para otorgar t\u00edtulos de propiedad al poseedor material de bienes inmuebles urbanos y rurales de peque\u00f1a entidad econ\u00f3mica, sanear la falsa tradici\u00f3n y se dictan otras disposiciones<\/td>\n<\/tr>\n<tr class=\"row-8\">\n\t<td class=\"column-1\"><a href=\"https:\/\/www.funcionpublica.gov.co\/eva\/gestornormativo\/norma.php?i=65335\" title=\"Ley 1757 de 2015 POPULAR\" rel=\"noopener nofollow\" target=\"_blank\">Ley 1757 de 2015 POPULAR<\/a><\/td><td class=\"column-2\">06\/07\/2015<\/td><td class=\"column-3\">Por la cual se dictan disposiciones en materia de promoci\u00f3n y protecci\u00f3n del derecho a la participaci\u00f3n democr\u00e1tica<\/td>\n<\/tr>\n<tr class=\"row-9\">\n\t<td class=\"column-1\"><a href=\"https:\/\/www.funcionpublica.gov.co\/eva\/gestornormativo\/norma.php?i=65334\" title=\"Ley 1755 de 2015 POPULAR\" rel=\"noopener nofollow\" target=\"_blank\">Ley 1755 de 2015 POPULAR<\/a><\/td><td class=\"column-2\">30\/06\/2015<\/td><td class=\"column-3\">Por medio de la cual se regula el Derecho Fundamental de Petici\u00f3n y se sustituye un t\u00edtulo del C\u00f3digo de Procedimiento Administrativo y de lo Contencioso Administrativo<\/td>\n<\/tr>\n<tr class=\"row-10\">\n\t<td class=\"column-1\"><a href=\"https:\/\/www.funcionpublica.gov.co\/eva\/gestornormativo\/norma.php?i=174746\" title=\"Ley 1709 de 2014 POPULAR\" rel=\"noopener nofollow\" target=\"_blank\">Ley 1709 de 2014 POPULAR<\/a><\/td><td class=\"column-2\">20\/01\/2014<\/td><td class=\"column-3\">Por medio de la cual se reforman algunos art\u00edculos de la Ley 65 de 1993, de la Ley 599 de 2000, de la Ley 55 de 1985 y se dictan otras disposiciones<\/td>\n<\/tr>\n<\/tbody>\n<\/table>\n<!-- #tablepress-1 from cache -->","protected":false},"excerpt":{"rendered":"<p>Leyes<\/p>\n","protected":false},"author":1,"featured_media":0,"parent":149,"menu_order":263,"comment_status":"closed","ping_status":"closed","template":"","meta":{"om_disable_all_campaigns":false,"_monsterinsights_skip_tracking":false,"_monsterinsights_sitenote_active":false,"_monsterinsights_sitenote_note":"","_monsterinsights_sitenote_category":0,"footnotes":""},"class_list":["post-90","page","type-page","status-publish","hentry"],"_links":{"self":[{"href":"https:\/\/personeriaelcopey.com.co\/index.php\/wp-json\/wp\/v2\/pages\/90","targetHints":{"allow":["GET"]}}],"collection":[{"href":"https:\/\/personeriaelcopey.com.co\/index.php\/wp-json\/wp\/v2\/pages"}],"about":[{"href":"https:\/\/personeriaelcopey.com.co\/index.php\/wp-json\/wp\/v2\/types\/page"}],"author":[{"embeddable":true,"href":"https:\/\/personeriaelcopey.com.co\/index.php\/wp-json\/wp\/v2\/users\/1"}],"replies":[{"embeddable":true,"href":"https:\/\/personeriaelcopey.com.co\/index.php\/wp-json\/wp\/v2\/comments?post=90"}],"version-history":[{"count":4,"href":"https:\/\/personeriaelcopey.com.co\/index.php\/wp-json\/wp\/v2\/pages\/90\/revisions"}],"predecessor-version":[{"id":211,"href":"https:\/\/personeriaelcopey.com.co\/index.php\/wp-json\/wp\/v2\/pages\/90\/revisions\/211"}],"up":[{"embeddable":true,"href":"https:\/\/personeriaelcopey.com.co\/index.php\/wp-json\/wp\/v2\/pages\/149"}],"wp:attachment":[{"href":"https:\/\/personeriaelcopey.com.co\/index.php\/wp-json\/wp\/v2\/media?parent=90"}],"curies":[{"name":"wp","href":"https:\/\/api.w.org\/{rel}","templated":true}]}}