{"id":80,"date":"2023-12-21T19:46:37","date_gmt":"2023-12-21T19:46:37","guid":{"rendered":"https:\/\/personeriaelcopey.com.co\/?page_id=80"},"modified":"2023-12-27T14:58:27","modified_gmt":"2023-12-27T14:58:27","slug":"contratacion-2022","status":"publish","type":"page","link":"https:\/\/personeriaelcopey.com.co\/index.php\/nuestra-informacion\/contratacion\/contratacion-2022\/","title":{"rendered":"Contrataci\u00f3n 2022"},"content":{"rendered":"\n<p class=\"has-text-align-center has-medium-font-size\"><strong>CONTRATACI\u00d3N 2022<\/strong><\/p>\n\n\n\n<ol class=\"wp-block-list\">\n<li>CONTRATO DE PRESTACI\u00d3N DE SERVICIO No. 001\n<ul class=\"wp-block-list\">\n<li>CONTRATANTE: PERSONERIA MUNICIPAL DE EL COPEY \u2013 CESAR<\/li>\n\n\n\n<li>CONTRATISTA: ELKIN ALONSO DIAZ OSORIO<\/li>\n\n\n\n<li>OBJETO: PRESTACION DE SERVICIOS CONTABLES DE LA PERSONERIA MUNICIPAL DE EL COPEY CESAR.<\/li>\n\n\n\n<li>FECHA: PRIMERO (01) DE MARZO DE 2022<\/li>\n\n\n\n<li>VALOR: UN MILLON DOSCIENTOS MIL PESOS ($1.200.000.oo)<\/li>\n\n\n\n<li>DURACI\u00d3N: DOS (02) D\u00cdAS H\u00c1BILES.<\/li>\n\n\n\n<li>PLAZO DE EJECUCI\u00d3N: DOS (02) DIAS H\u00c1BILES.<\/li>\n\n\n\n<li>FECHA DE INICIACI\u00d3N: VEINTIOCHO (28) DE FEBRERO DEL 2022<\/li>\n\n\n\n<li>FECHA DE TERMINACI\u00d3N: PRIMERO (01) DE MARZO DEL 2022<\/li>\n<\/ul>\n<\/li>\n\n\n\n<li>CONTRATO DE PRESTACI\u00d3N DE SERVICIO No. 002\n<ul class=\"wp-block-list\">\n<li>CONTRATANTE: PERSONERIA MUNICIPAL DE EL COPEY \u2013 CESAR<\/li>\n\n\n\n<li>CONTRATISTA: JOHN JAIRO RADA RUIZ.<\/li>\n\n\n\n<li>OBJETO: PRESTACION DE SERVICIOS DE COMPUTO DE LA PERSONERIA DE EL COPEY \u2013 CESAR.<\/li>\n\n\n\n<li>FECHA: QUINCE (15) DE MARZO DE 2022<\/li>\n\n\n\n<li>VALOR: TRESCIENTOS MIL PESOS ($300.000.oo)<\/li>\n\n\n\n<li>DURACI\u00d3N: UN (01) D\u00cdA H\u00c1BIL.<\/li>\n\n\n\n<li>PLAZO DE JECUCI\u00d3N: UN (01) D\u00cdA HABIL.<\/li>\n\n\n\n<li>FECHA DE INICIACI\u00d3N: CATORCCE (14) DE MARZO DEL 2022.<\/li>\n\n\n\n<li>FECHA DE TERMINACI\u00d3N: QUINCE (15) DE MARZO DEL 2022.<\/li>\n<\/ul>\n<\/li>\n\n\n\n<li>CONTRATO DE PRESTACI\u00d3N DE SERVICIO No. 003\n<ul class=\"wp-block-list\">\n<li>CONTRATANTE: PERSONERIA MUNICIPAL DE EL COPEY \u2013 CESAR<\/li>\n\n\n\n<li>CONTRATISTA: KAREN JUDITH ANAYA LIZCANO.<\/li>\n\n\n\n<li>OBJETO: PRESTACION DE SERVICIOS EN CONMEMORACI\u00d3N AL DIA DE LAS V\u00cdCTIMAS.<\/li>\n\n\n\n<li>FECHA: DOCE (12) DE ABRIL DE 2022<\/li>\n\n\n\n<li>VALOR: UN MILLON NOVECIENTOS VEINTE ML PESOS ($1.920.000.oo)<\/li>\n\n\n\n<li>DURACI\u00d3N: UN (01) D\u00cdA.<\/li>\n\n\n\n<li>PLAZO DE JECUCI\u00d3N: UN (01) D\u00cdA HABIL.<\/li>\n\n\n\n<li>FECHA DE INICIACI\u00d3N: DOCE (12) DE ABRIL DEL 2022.<\/li>\n\n\n\n<li>FECHA DE TERMINACI\u00d3N: DOCE (12) DE ABRIL DEL 2022.<\/li>\n<\/ul>\n<\/li>\n\n\n\n<li>CONTRATO DE PRESTACI\u00d3N DE SERVICIO No. 004\n<ul class=\"wp-block-list\">\n<li>CONTRATANTE: PERSONERIA MUNICIPAL DE EL COPEY \u2013 CESAR<\/li>\n\n\n\n<li>CONTRATISTA: ELKIN ALONSO DIAZ OSORIO<\/li>\n\n\n\n<li>OBJETO: PRESTACION DE SERVICIOS CONTABLES DE LA PERSONERIA MUNICIPAL DE EL COPEY CESAR.<\/li>\n\n\n\n<li>FECHA: ONCE (11) DE AGOSTO DE 2022<\/li>\n\n\n\n<li>VALOR: UN MILLON DOSCIENTOS MIL PESOS ($1.200.000.oo)<\/li>\n\n\n\n<li>DURACI\u00d3N: DOS (02) D\u00cdAS H\u00c1BILES.<\/li>\n\n\n\n<li>PLAZO DE EJECUCI\u00d3N: DOS (02) DIAS H\u00c1BILES.<\/li>\n\n\n\n<li>FECHA DE INICIACI\u00d3N: PRIMERO (01) DE AGOSTO DEL 2022.<\/li>\n\n\n\n<li>FECHA DE TERMINACI\u00d3N: DOS (02) DE AGOSTO DEL 2022.<\/li>\n<\/ul>\n<\/li>\n\n\n\n<li>CONTRATO DE PRESTACI\u00d3N DE SERVICIO No. 005\n<ul class=\"wp-block-list\">\n<li>CONTRATANTE: PERSONERIA MUNICIPAL DE EL COPEY \u2013 CESAR<\/li>\n\n\n\n<li>CONTRATISTA: LUIS MANUEL GOMEZ RODRIGUEZ.<\/li>\n\n\n\n<li>OBJETO: PRESTACION DE SERVICIOS SUMINISTRO DE PAPELERIA, EQUIPOS DE OFICIONA Y MATERIALES A LA PERSONERIA<\/li>\n\n\n\n<li>MUNICIPAL DE EL COPEY CESAR.<\/li>\n\n\n\n<li>FECHA: DIECISEIS (16) DE DICIEMBRE DE 2022<\/li>\n\n\n\n<li>VALOR: ONCE MILLONES SESENTA Y TRES MIL SEISCIENTOS<\/li>\n\n\n\n<li>DIECISITE PESOS ($11.063.617.oo)<\/li>\n\n\n\n<li>DURACI\u00d3N: UN (01) D\u00cdA H\u00c1BIL.<\/li>\n\n\n\n<li>PLAZO DE EJECUCI\u00d3N: UN (01) DIAS H\u00c1BIL.<\/li>\n\n\n\n<li>FECHA DE INICIACI\u00d3N: DIECISEIS (16) DE DICIEMBRE DEL 2022.<\/li>\n\n\n\n<li>FECHA DE TERMINACI\u00d3N: DIECISEIS (16) DE DICIEMBRE DEL 2022.<\/li>\n<\/ul>\n<\/li>\n<\/ol>\n","protected":false},"excerpt":{"rendered":"<p>CONTRATACI\u00d3N 2022<\/p>\n","protected":false},"author":1,"featured_media":0,"parent":147,"menu_order":241,"comment_status":"closed","ping_status":"closed","template":"","meta":{"om_disable_all_campaigns":false,"_monsterinsights_skip_tracking":false,"_monsterinsights_sitenote_active":false,"_monsterinsights_sitenote_note":"","_monsterinsights_sitenote_category":0,"footnotes":""},"class_list":["post-80","page","type-page","status-publish","hentry"],"_links":{"self":[{"href":"https:\/\/personeriaelcopey.com.co\/index.php\/wp-json\/wp\/v2\/pages\/80","targetHints":{"allow":["GET"]}}],"collection":[{"href":"https:\/\/personeriaelcopey.com.co\/index.php\/wp-json\/wp\/v2\/pages"}],"about":[{"href":"https:\/\/personeriaelcopey.com.co\/index.php\/wp-json\/wp\/v2\/types\/page"}],"author":[{"embeddable":true,"href":"https:\/\/personeriaelcopey.com.co\/index.php\/wp-json\/wp\/v2\/users\/1"}],"replies":[{"embeddable":true,"href":"https:\/\/personeriaelcopey.com.co\/index.php\/wp-json\/wp\/v2\/comments?post=80"}],"version-history":[{"count":3,"href":"https:\/\/personeriaelcopey.com.co\/index.php\/wp-json\/wp\/v2\/pages\/80\/revisions"}],"predecessor-version":[{"id":393,"href":"https:\/\/personeriaelcopey.com.co\/index.php\/wp-json\/wp\/v2\/pages\/80\/revisions\/393"}],"up":[{"embeddable":true,"href":"https:\/\/personeriaelcopey.com.co\/index.php\/wp-json\/wp\/v2\/pages\/147"}],"wp:attachment":[{"href":"https:\/\/personeriaelcopey.com.co\/index.php\/wp-json\/wp\/v2\/media?parent=80"}],"curies":[{"name":"wp","href":"https:\/\/api.w.org\/{rel}","templated":true}]}}