{"id":717,"date":"2025-02-06T23:59:04","date_gmt":"2025-02-06T23:59:04","guid":{"rendered":"https:\/\/personeriaelcopey.com.co\/?page_id=717"},"modified":"2025-02-07T00:12:45","modified_gmt":"2025-02-07T00:12:45","slug":"presupuesto","status":"publish","type":"page","link":"https:\/\/personeriaelcopey.com.co\/index.php\/transparencia\/presupuesto\/","title":{"rendered":"Presupuesto"},"content":{"rendered":"\n<p>La transparencia en la gesti\u00f3n del presupuesto es un pilar fundamental para garantizar el uso eficiente y responsable de los recursos p\u00fablicos. A trav\u00e9s del acceso a la informaci\u00f3n presupuestaria, la ciudadan\u00eda puede conocer c\u00f3mo se asignan, administran y ejecutan los fondos destinados a distintos programas y servicios. Garantizar que las entidades p\u00fablicas brinden datos claros y actualizados sobre su presupuesto permite una supervisi\u00f3n activa por parte de la comunidad. Esta apertura no solo fortalece la confianza en las instituciones, sino que tambi\u00e9n fomenta la participaci\u00f3n ciudadana en la toma de decisiones y promueve un control efectivo sobre el uso del dinero p\u00fablico.<\/p>\n\n\n\n<table id=\"tablepress-16\" class=\"tablepress tablepress-id-16\">\n<thead>\n<tr class=\"row-1\">\n\t<th class=\"column-1\">RESOLUCION<\/th><th class=\"column-2\">EXPEDICI\u00d3N<\/th><th class=\"column-3\">DESCRIPCI\u00d3N<\/th>\n<\/tr>\n<\/thead>\n<tbody class=\"row-striping row-hover\">\n<tr class=\"row-2\">\n\t<td class=\"column-1\"><a href=\"http:\/\/personeriaelcopey.com.co\/wp-content\/uploads\/2025\/02\/RESOLUCION-N-015-2024-LIQUIDACION-PRESUPUESTO-2025.pdf\" title=\"RESOLUCION N 015-2024 LIQUIDACION PRESUPUESTO 2025\" rel=\"noopener nofollow\" target=\"_blank\"><img decoding=\"async\" src=\"http:\/\/personeriaelcopey.com.co\/wp-content\/uploads\/2024\/06\/pngtree-pdf-download-vector-icon-png-image_8855408-e1718303552762.png\" alt=\"PDF\" \/><\/a><\/td><td class=\"column-2\">28\/12\/2024<\/td><td class=\"column-3\">RESOLUCION N\u00b0 015. Por medio del cual se liquida el presupuesto general de ingresos y gastos de la Personer\u00eda<br \/>\nmunicipal de El Copey Cesar para la vigencia fiscal del 01 de enero al 31 de diciembre de 2025<\/td>\n<\/tr>\n<tr class=\"row-3\">\n\t<td class=\"column-1\"><a href=\"http:\/\/personeriaelcopey.com.co\/wp-content\/uploads\/2025\/02\/RESOLUCION-N-014-2024-APROBACION-PRESUPUESTO-2025.pdf\" title=\"RESOLUCION N 014-2024 APROBACION PRESUPUESTO 2025\" rel=\"noopener nofollow\" target=\"_blank\"><img decoding=\"async\" src=\"http:\/\/personeriaelcopey.com.co\/wp-content\/uploads\/2024\/06\/pngtree-pdf-download-vector-icon-png-image_8855408-e1718303552762.png\" alt=\"PDF\" \/><\/a><\/td><td class=\"column-2\">28\/12\/2024<\/td><td class=\"column-3\">RESOLUCION N\u00b0 014. Por medio del cual se aprueba el presupuesto general de ingresos y gastos de la Personer\u00eda<br \/>\nmunicipal de El Copey Cesar para la vigencia fiscal del 01 de enero al 31 de diciembre de 2025<\/td>\n<\/tr>\n<tr class=\"row-4\">\n\t<td class=\"column-1\"><a href=\"http:\/\/personeriaelcopey.com.co\/wp-content\/uploads\/2025\/02\/RESOLUCION-N-001-1-LIQUIDACION-ADOPCION-PRESUPUESTO-2024.pdf\" title=\"RESOLUCION N 001-1 LIQUIDACION ADOPCION PRESUPUESTO 2024.\" rel=\"noopener nofollow\" target=\"_blank\"><img decoding=\"async\" src=\"http:\/\/personeriaelcopey.com.co\/wp-content\/uploads\/2024\/06\/pngtree-pdf-download-vector-icon-png-image_8855408-e1718303552762.png\" alt=\"PDF\" \/><\/a><\/td><td class=\"column-2\">02\/01\/2024<\/td><td class=\"column-3\">RESOLUCION N\u00b0 001-1  <br \/>\nPOR MEDIO DEL CUAL SE LIQUIDA Y  SE ADOPTA EL PRESUPUESTO DE LA PERSONERIA <br \/>\nMUNICIPAL DE EL COPEY CESAR<\/td>\n<\/tr>\n<\/tbody>\n<\/table>\n<!-- #tablepress-16 from cache -->\n\n\n\n<p><\/p>\n","protected":false},"excerpt":{"rendered":"<p>La transparencia en la gesti\u00f3n del presupuesto es un pilar fundamental para garantizar el uso eficiente y responsable de los recursos p\u00fablicos. A trav\u00e9s del acceso a la informaci\u00f3n presupuestaria, la ciudadan\u00eda<a class=\"moretag\" href=\"https:\/\/personeriaelcopey.com.co\/index.php\/transparencia\/presupuesto\/\">Leer m\u00e1s&#8230;<\/a><\/p>\n","protected":false},"author":1,"featured_media":0,"parent":112,"menu_order":61,"comment_status":"closed","ping_status":"closed","template":"","meta":{"om_disable_all_campaigns":false,"_monsterinsights_skip_tracking":false,"_monsterinsights_sitenote_active":false,"_monsterinsights_sitenote_note":"","_monsterinsights_sitenote_category":0,"footnotes":""},"class_list":["post-717","page","type-page","status-publish","hentry"],"_links":{"self":[{"href":"https:\/\/personeriaelcopey.com.co\/index.php\/wp-json\/wp\/v2\/pages\/717","targetHints":{"allow":["GET"]}}],"collection":[{"href":"https:\/\/personeriaelcopey.com.co\/index.php\/wp-json\/wp\/v2\/pages"}],"about":[{"href":"https:\/\/personeriaelcopey.com.co\/index.php\/wp-json\/wp\/v2\/types\/page"}],"author":[{"embeddable":true,"href":"https:\/\/personeriaelcopey.com.co\/index.php\/wp-json\/wp\/v2\/users\/1"}],"replies":[{"embeddable":true,"href":"https:\/\/personeriaelcopey.com.co\/index.php\/wp-json\/wp\/v2\/comments?post=717"}],"version-history":[{"count":2,"href":"https:\/\/personeriaelcopey.com.co\/index.php\/wp-json\/wp\/v2\/pages\/717\/revisions"}],"predecessor-version":[{"id":724,"href":"https:\/\/personeriaelcopey.com.co\/index.php\/wp-json\/wp\/v2\/pages\/717\/revisions\/724"}],"up":[{"embeddable":true,"href":"https:\/\/personeriaelcopey.com.co\/index.php\/wp-json\/wp\/v2\/pages\/112"}],"wp:attachment":[{"href":"https:\/\/personeriaelcopey.com.co\/index.php\/wp-json\/wp\/v2\/media?parent=717"}],"curies":[{"name":"wp","href":"https:\/\/api.w.org\/{rel}","templated":true}]}}