{"id":519,"date":"2024-07-02T16:52:53","date_gmt":"2024-07-02T16:52:53","guid":{"rendered":"https:\/\/personeriaelcopey.com.co\/?page_id=519"},"modified":"2024-07-02T17:11:16","modified_gmt":"2024-07-02T17:11:16","slug":"contratacion-2024","status":"publish","type":"page","link":"https:\/\/personeriaelcopey.com.co\/index.php\/nuestra-informacion\/contratacion\/contratacion-2024\/","title":{"rendered":"Contratacion 2024"},"content":{"rendered":"\n<p><\/p>\n\n\n\n<h2 class=\"wp-block-heading has-text-align-center\"><strong>CONTRATACI\u00d3N 202<\/strong>4<\/h2>\n\n\n\n<ol class=\"wp-block-list\" start=\"1\">\n<li><strong>CONTRATO DE PRESTACI\u00d3N DE SERVICIO No. 001<\/strong>\n<ul class=\"wp-block-list\">\n<li>CONTRATANTE: PERSONERIA MUNICIPAL DE EL COPEY \u2013 CESAR<\/li>\n\n\n\n<li>CONTRATISTA: ELKIN ALONSO DIAZ OSORIO<\/li>\n\n\n\n<li>OBJETO: PRESTACION DE SERVICIOS CONTABLES DE LA PERSONERIA MUNICIPAL DE EL COPEY CESAR.<\/li>\n\n\n\n<li>FECHA: 29 DE FEBRERO DE 2024<\/li>\n\n\n\n<li>VALOR: UN MILLON DOSCIENTOS MIL PESOS ($1.400.000.oo)<\/li>\n\n\n\n<li>DURACI\u00d3N: UN (01) D\u00cdA H\u00c1BIL.<\/li>\n\n\n\n<li>PLAZO DE EJECUCI\u00d3N: UN (01) D\u00cdA H\u00c1BIL.<\/li>\n\n\n\n<li>FECHA DE INICIACI\u00d3N: VEINTINUEVE (29) DE FEBRERO DEL 2024.<\/li>\n\n\n\n<li>FECHA DE TERMINACI\u00d3N:VEINTINUEVE (29) DE FEBRERO DEL 2024.<\/li>\n<\/ul>\n<\/li>\n<\/ol>\n","protected":false},"excerpt":{"rendered":"<p>CONTRATACI\u00d3N 2024<\/p>\n","protected":false},"author":1,"featured_media":0,"parent":147,"menu_order":243,"comment_status":"closed","ping_status":"closed","template":"","meta":{"om_disable_all_campaigns":false,"_monsterinsights_skip_tracking":false,"_monsterinsights_sitenote_active":false,"_monsterinsights_sitenote_note":"","_monsterinsights_sitenote_category":0,"footnotes":""},"class_list":["post-519","page","type-page","status-publish","hentry"],"_links":{"self":[{"href":"https:\/\/personeriaelcopey.com.co\/index.php\/wp-json\/wp\/v2\/pages\/519","targetHints":{"allow":["GET"]}}],"collection":[{"href":"https:\/\/personeriaelcopey.com.co\/index.php\/wp-json\/wp\/v2\/pages"}],"about":[{"href":"https:\/\/personeriaelcopey.com.co\/index.php\/wp-json\/wp\/v2\/types\/page"}],"author":[{"embeddable":true,"href":"https:\/\/personeriaelcopey.com.co\/index.php\/wp-json\/wp\/v2\/users\/1"}],"replies":[{"embeddable":true,"href":"https:\/\/personeriaelcopey.com.co\/index.php\/wp-json\/wp\/v2\/comments?post=519"}],"version-history":[{"count":3,"href":"https:\/\/personeriaelcopey.com.co\/index.php\/wp-json\/wp\/v2\/pages\/519\/revisions"}],"predecessor-version":[{"id":524,"href":"https:\/\/personeriaelcopey.com.co\/index.php\/wp-json\/wp\/v2\/pages\/519\/revisions\/524"}],"up":[{"embeddable":true,"href":"https:\/\/personeriaelcopey.com.co\/index.php\/wp-json\/wp\/v2\/pages\/147"}],"wp:attachment":[{"href":"https:\/\/personeriaelcopey.com.co\/index.php\/wp-json\/wp\/v2\/media?parent=519"}],"curies":[{"name":"wp","href":"https:\/\/api.w.org\/{rel}","templated":true}]}}