{"id":25,"date":"2023-12-21T14:50:59","date_gmt":"2023-12-21T14:50:59","guid":{"rendered":"https:\/\/personeriaelcopey.com.co\/?page_id=25"},"modified":"2023-12-27T14:47:20","modified_gmt":"2023-12-27T14:47:20","slug":"nuestros-funcionarios","status":"publish","type":"page","link":"https:\/\/personeriaelcopey.com.co\/index.php\/nuestra-informacion\/nuestros-funcionarios\/","title":{"rendered":"Nuestros funcionarios"},"content":{"rendered":"\n<p class=\"has-text-align-center has-medium-font-size\"><strong>NUESTROS FUNCIONARIOS<\/strong><\/p>\n\n\n\n<p>La Personer\u00eda Municipal de El Copey Cesar desempe\u00f1a un papel esencial en la salvaguarda de los derechos y deberes de los habitantes. Encabezando esta instituci\u00f3n se encuentra el Personero Municipal, a quien se le conf\u00eda la crucial responsabilidad de ejercer el Ministerio P\u00fablico y velar por el respeto de los derechos humanos, promoviendo la justicia y la equidad en la comunidad.<\/p>\n\n\n\n<p>Junto al Personero Municipal, la Personer\u00eda cuenta con una divisi\u00f3n administrativa y financiera que garantiza el adecuado funcionamiento y la transparencia de las actividades de la instituci\u00f3n, asegurando la gesti\u00f3n eficaz de los recursos p\u00fablicos asignados.<\/p>\n\n\n\n<p>Para alcanzar sus metas, la Personer\u00eda Municipal cuenta con un equipo de profesionales comprometidos y capacitados, entre los cuales se destacan el cargo de secretaria quien desempe\u00f1an un papel crucial en el ejercicio de las funciones establecidas por la Constituci\u00f3n y la Ley, proporcionando apoyo y asistencia para abordar diversos temas y desaf\u00edos que enfrenta la comunidad.<\/p>\n\n\n\n<hr class=\"wp-block-separator has-alpha-channel-opacity\"\/>\n\n\n\n<p class=\"has-text-align-center\"><strong><mark style=\"background-color:rgba(0, 0, 0, 0)\" class=\"has-inline-color has-luminous-vivid-amber-color\">ORGANIGRAMA DE LA PERSONERIA MUNICIPAL DE EL COPEY CESAR<\/mark><\/strong><\/p>\n\n\n<div class=\"wp-block-image\">\n<figure class=\"aligncenter size-full\"><img loading=\"lazy\" decoding=\"async\" width=\"792\" height=\"612\" src=\"https:\/\/personeriaelcopey.com.co\/wp-content\/uploads\/2023\/12\/ORGANIGRAMA-PERSONERIA-MUNICIPAL_001.png\" alt=\"\" class=\"wp-image-386\" srcset=\"https:\/\/personeriaelcopey.com.co\/wp-content\/uploads\/2023\/12\/ORGANIGRAMA-PERSONERIA-MUNICIPAL_001.png 792w, https:\/\/personeriaelcopey.com.co\/wp-content\/uploads\/2023\/12\/ORGANIGRAMA-PERSONERIA-MUNICIPAL_001-300x232.png 300w, https:\/\/personeriaelcopey.com.co\/wp-content\/uploads\/2023\/12\/ORGANIGRAMA-PERSONERIA-MUNICIPAL_001-768x593.png 768w\" sizes=\"auto, (max-width: 792px) 100vw, 792px\" \/><\/figure>\n<\/div>","protected":false},"excerpt":{"rendered":"<p>NUESTROS FUNCIONARIOS La Personer\u00eda Municipal de El Copey Cesar desempe\u00f1a un papel esencial en la salvaguarda de los derechos y deberes de los habitantes. Encabezando esta instituci\u00f3n se encuentra el Personero Municipal,<a class=\"moretag\" href=\"https:\/\/personeriaelcopey.com.co\/index.php\/nuestra-informacion\/nuestros-funcionarios\/\">Leer m\u00e1s&#8230;<\/a><\/p>\n","protected":false},"author":1,"featured_media":0,"parent":14,"menu_order":22,"comment_status":"closed","ping_status":"closed","template":"","meta":{"om_disable_all_campaigns":false,"_monsterinsights_skip_tracking":false,"_monsterinsights_sitenote_active":false,"_monsterinsights_sitenote_note":"","_monsterinsights_sitenote_category":0,"footnotes":""},"class_list":["post-25","page","type-page","status-publish","hentry"],"_links":{"self":[{"href":"https:\/\/personeriaelcopey.com.co\/index.php\/wp-json\/wp\/v2\/pages\/25","targetHints":{"allow":["GET"]}}],"collection":[{"href":"https:\/\/personeriaelcopey.com.co\/index.php\/wp-json\/wp\/v2\/pages"}],"about":[{"href":"https:\/\/personeriaelcopey.com.co\/index.php\/wp-json\/wp\/v2\/types\/page"}],"author":[{"embeddable":true,"href":"https:\/\/personeriaelcopey.com.co\/index.php\/wp-json\/wp\/v2\/users\/1"}],"replies":[{"embeddable":true,"href":"https:\/\/personeriaelcopey.com.co\/index.php\/wp-json\/wp\/v2\/comments?post=25"}],"version-history":[{"count":4,"href":"https:\/\/personeriaelcopey.com.co\/index.php\/wp-json\/wp\/v2\/pages\/25\/revisions"}],"predecessor-version":[{"id":389,"href":"https:\/\/personeriaelcopey.com.co\/index.php\/wp-json\/wp\/v2\/pages\/25\/revisions\/389"}],"up":[{"embeddable":true,"href":"https:\/\/personeriaelcopey.com.co\/index.php\/wp-json\/wp\/v2\/pages\/14"}],"wp:attachment":[{"href":"https:\/\/personeriaelcopey.com.co\/index.php\/wp-json\/wp\/v2\/media?parent=25"}],"curies":[{"name":"wp","href":"https:\/\/api.w.org\/{rel}","templated":true}]}}