{"id":23,"date":"2023-12-21T14:47:54","date_gmt":"2023-12-21T14:47:54","guid":{"rendered":"https:\/\/personeriaelcopey.com.co\/?page_id=23"},"modified":"2023-12-28T17:30:51","modified_gmt":"2023-12-28T17:30:51","slug":"quienes-somos","status":"publish","type":"page","link":"https:\/\/personeriaelcopey.com.co\/index.php\/nuestra-informacion\/quienes-somos\/","title":{"rendered":"Quienes somos"},"content":{"rendered":"\n<p class=\"has-text-align-center has-medium-font-size\"><strong>INFORMACION INSTITUCIONAL<\/strong><\/p>\n\n\n\n<hr class=\"wp-block-separator has-alpha-channel-opacity\"\/>\n\n\n\n<p>La Personer\u00eda Municipal de El Copey Cesar desempe\u00f1a el papel del Ministerio P\u00fablico, promoviendo y supervisando el respeto de los derechos humanos, ejerciendo vigilancia administrativa y cumpliendo con las funciones establecidas por la Constituci\u00f3n y la Ley. <\/p>\n\n\n\n<hr class=\"wp-block-separator has-alpha-channel-opacity\"\/>\n\n\n\n<div class=\"wp-block-columns is-layout-flex wp-container-core-columns-is-layout-9d6595d7 wp-block-columns-is-layout-flex\">\n<div class=\"wp-block-column is-layout-flow wp-block-column-is-layout-flow\"><div class=\"wp-block-image wp-duotone-unset-1\">\n<figure class=\"aligncenter size-full\"><img loading=\"lazy\" decoding=\"async\" width=\"300\" height=\"300\" src=\"https:\/\/personeriaelcopey.com.co\/wp-content\/uploads\/2023\/12\/vision-pagina_orig-1.png\" alt=\"\" class=\"wp-image-352\" srcset=\"https:\/\/personeriaelcopey.com.co\/wp-content\/uploads\/2023\/12\/vision-pagina_orig-1.png 300w, https:\/\/personeriaelcopey.com.co\/wp-content\/uploads\/2023\/12\/vision-pagina_orig-1-150x150.png 150w\" sizes=\"auto, (max-width: 300px) 100vw, 300px\" \/><\/figure>\n<\/div>\n\n\n<p class=\"has-text-align-center\">A 2024, la Personer\u00eda de Municipal de El Copey Cesar, ser\u00e1 una instituci\u00f3n humanista,      Solidaria, incluyente, eficiente, eficaz y transparente, comprometida con la moralidad Administrativa, la paz y la reconciliaci\u00f3n. Reconocida como promotora y garante de los Derechos humanos, la equidad de g\u00e9nero, la diversidad \u00e9tnica, sexual, cultural, el Medio ambiente y los principios democr\u00e1ticos del Estado Social de Derecho.<\/p>\n<\/div>\n\n\n\n<div class=\"wp-block-column is-layout-flow wp-block-column-is-layout-flow\"><div class=\"wp-block-image\">\n<figure class=\"aligncenter size-full\"><img loading=\"lazy\" decoding=\"async\" width=\"300\" height=\"300\" src=\"https:\/\/personeriaelcopey.com.co\/wp-content\/uploads\/2023\/12\/misionicono-1.png\" alt=\"\" class=\"wp-image-353\" style=\"aspect-ratio:1;object-fit:cover\" srcset=\"https:\/\/personeriaelcopey.com.co\/wp-content\/uploads\/2023\/12\/misionicono-1.png 300w, https:\/\/personeriaelcopey.com.co\/wp-content\/uploads\/2023\/12\/misionicono-1-150x150.png 150w\" sizes=\"auto, (max-width: 300px) 100vw, 300px\" \/><\/figure>\n<\/div>\n\n\n<p class=\"has-text-align-center\">Liderar la guarda, promoci\u00f3n y defensa de los derechos humanos de la comunidad de El municipio de El Copey, asumir la protecci\u00f3n y representaci\u00f3n del inter\u00e9s com\u00fan, del Patrimonio p\u00fablico y Vigilar la conducta  de todos los servidores p\u00fablicos amparado en la Constituci\u00f3n Pol\u00edtica y las Leyes.<\/p>\n<\/div>\n<\/div>\n\n\n\n<hr class=\"wp-block-separator has-alpha-channel-opacity\"\/>\n\n\n\n<div class=\"wp-block-columns is-layout-flex wp-container-core-columns-is-layout-9d6595d7 wp-block-columns-is-layout-flex\">\n<div class=\"wp-block-column is-layout-flow wp-block-column-is-layout-flow\" style=\"flex-basis:33.33%\">\n<figure class=\"wp-block-image alignwide size-full\"><img loading=\"lazy\" decoding=\"async\" width=\"730\" height=\"380\" src=\"https:\/\/personeriaelcopey.com.co\/wp-content\/uploads\/2023\/12\/Objetivos-SMART-Sabes-como-plantearlos-1.webp\" alt=\"\" class=\"wp-image-358\" srcset=\"https:\/\/personeriaelcopey.com.co\/wp-content\/uploads\/2023\/12\/Objetivos-SMART-Sabes-como-plantearlos-1.webp 730w, https:\/\/personeriaelcopey.com.co\/wp-content\/uploads\/2023\/12\/Objetivos-SMART-Sabes-como-plantearlos-1-300x156.webp 300w\" sizes=\"auto, (max-width: 730px) 100vw, 730px\" \/><\/figure>\n<\/div>\n\n\n\n<div class=\"wp-block-column is-layout-flow wp-block-column-is-layout-flow\" style=\"flex-basis:66.66%\">\n<p class=\"has-text-align-center has-vivid-red-color has-text-color has-link-color has-medium-font-size wp-elements-455ddc0a19166302526eb7f81a2bbd6f\"><strong><mark style=\"background-color:rgba(0, 0, 0, 0)\" class=\"has-inline-color has-luminous-vivid-amber-color\">OBJETIVOS<\/mark><\/strong><\/p>\n\n\n\n<ol class=\"wp-block-list\">\n<li>Coordinar la defensor\u00eda p\u00fablica en los t\u00e9rminos que se\u00f1ale la ley bajo la coordinaci\u00f3n de la Defensor\u00eda del Pueblo.<\/li>\n\n\n\n<li>Cooperar con el defensor del pueblo en la implantaci\u00f3n de las pol\u00edticas que \u00e9ste fije.<\/li>\n\n\n\n<li>Divulgar la Constituci\u00f3n y en coordinaci\u00f3n con otras autoridades, adelantar programas de educaci\u00f3n y concientizaci\u00f3n sobre los derechos humanos y los deberes fundamentales del hombre.<\/li>\n\n\n\n<li>Recibir y tramitar quejas y reclamos sobre la violaci\u00f3n de los derechos civiles y pol\u00edticos y las garant\u00edas sociales.<\/li>\n\n\n\n<li>Solicitar de los funcionarios de la rama judicial, los informes que considere necesarios sobre hechos que se relacionen con la violaci\u00f3n de los derechos humanos.<\/li>\n\n\n\n<li>Velar por el respeto de los derechos humanos de las personas recluidas en establecimientos carcelarios, siqui\u00e1tricos, hospitalarios y en ancianatos y orfelinatos.<\/li>\n<\/ol>\n<\/div>\n<\/div>\n","protected":false},"excerpt":{"rendered":"<p>INFORMACION INSTITUCIONAL La Personer\u00eda Municipal de El Copey Cesar desempe\u00f1a el papel del Ministerio P\u00fablico, promoviendo y supervisando el respeto de los derechos humanos, ejerciendo vigilancia administrativa y cumpliendo con las funciones<a class=\"moretag\" href=\"https:\/\/personeriaelcopey.com.co\/index.php\/nuestra-informacion\/quienes-somos\/\">Leer m\u00e1s&#8230;<\/a><\/p>\n","protected":false},"author":1,"featured_media":0,"parent":14,"menu_order":21,"comment_status":"closed","ping_status":"closed","template":"","meta":{"om_disable_all_campaigns":false,"_monsterinsights_skip_tracking":false,"_monsterinsights_sitenote_active":false,"_monsterinsights_sitenote_note":"","_monsterinsights_sitenote_category":0,"footnotes":""},"class_list":["post-23","page","type-page","status-publish","hentry"],"_links":{"self":[{"href":"https:\/\/personeriaelcopey.com.co\/index.php\/wp-json\/wp\/v2\/pages\/23","targetHints":{"allow":["GET"]}}],"collection":[{"href":"https:\/\/personeriaelcopey.com.co\/index.php\/wp-json\/wp\/v2\/pages"}],"about":[{"href":"https:\/\/personeriaelcopey.com.co\/index.php\/wp-json\/wp\/v2\/types\/page"}],"author":[{"embeddable":true,"href":"https:\/\/personeriaelcopey.com.co\/index.php\/wp-json\/wp\/v2\/users\/1"}],"replies":[{"embeddable":true,"href":"https:\/\/personeriaelcopey.com.co\/index.php\/wp-json\/wp\/v2\/comments?post=23"}],"version-history":[{"count":12,"href":"https:\/\/personeriaelcopey.com.co\/index.php\/wp-json\/wp\/v2\/pages\/23\/revisions"}],"predecessor-version":[{"id":364,"href":"https:\/\/personeriaelcopey.com.co\/index.php\/wp-json\/wp\/v2\/pages\/23\/revisions\/364"}],"up":[{"embeddable":true,"href":"https:\/\/personeriaelcopey.com.co\/index.php\/wp-json\/wp\/v2\/pages\/14"}],"wp:attachment":[{"href":"https:\/\/personeriaelcopey.com.co\/index.php\/wp-json\/wp\/v2\/media?parent=23"}],"curies":[{"name":"wp","href":"https:\/\/api.w.org\/{rel}","templated":true}]}}