{"id":112,"date":"2023-12-21T19:53:07","date_gmt":"2023-12-21T19:53:07","guid":{"rendered":"https:\/\/personeriaelcopey.com.co\/?page_id=112"},"modified":"2024-06-30T01:55:21","modified_gmt":"2024-06-30T01:55:21","slug":"transparencia","status":"publish","type":"page","link":"https:\/\/personeriaelcopey.com.co\/index.php\/transparencia\/","title":{"rendered":"Transparencia"},"content":{"rendered":"\n<p class=\"has-text-align-center\"><strong>TRANSPARENCIA Y ACCESO A LA INFORMACI\u00d3N P\u00daBLICA<\/strong><\/p>\n\n\n\n<p>Siguiendo las directrices establecidas por la Ley 1712 de 2014, que instituye la Ley de Transparencia, y el Decreto 103 del 20 de enero de 2015, la Personer\u00eda de El Copey ha habilitado la secci\u00f3n de Transparencia y Acceso a la Informaci\u00f3n en cumplimiento con la normativa vigente. En esta secci\u00f3n, la comunidad y dem\u00e1s interesados tienen a su disposici\u00f3n una plataforma para acceder de manera r\u00e1pida y sencilla a la informaci\u00f3n relevante de la entidad.<\/p>\n\n\n\n<p>Para acceder, por favor visite:<\/p>\n\n\n\n<p><a href=\"https:\/\/www.centrodememoriahistorica.gov.co\/descargas\/transparencia\/Ley1712-transparencia-acceso-informacion.pdf\" target=\"_blank\" rel=\"noreferrer noopener\"><br>Ley 1712 del 6 de marzo de 2014<\/a><\/p>\n\n\n\n<p><a title=\"\" href=\"https:\/\/www.suin-juriscol.gov.co\/viewDocument.asp?ruta=Resolucion\/30044657\" target=\"_blank\" rel=\"noopener\">Resoluci\u00f3n 1519 del 24 de agosto de 2020<\/a><\/p>\n\n\n\n<p><a href=\"https:\/\/personeriaelcopey.com.co\/wp-content\/uploads\/2024\/06\/MANUAL-DE-PROCEDIMIENTOS-Y-PROCESOS.pdf\" target=\"BLANK\" rel=\"noopener\">Manual de procesos y procedimientos<\/a><\/p>\n\n\n\n<p><a href=\"https:\/\/personeriaelcopey.com.co\/wp-content\/uploads\/2024\/06\/MANUAL-DE-IDENTIDAD-VISUAL-PERSONERIA-DE-EL-COPEY.pdf\" target=\"blank\" rel=\"noopener\">Manual de identidad visual Personer\u00eda de El Copey<\/a><\/p>\n","protected":false},"excerpt":{"rendered":"<p>TRANSPARENCIA Y ACCESO A LA INFORMACI\u00d3N P\u00daBLICA Siguiendo las directrices establecidas por la Ley 1712 de 2014, que instituye la Ley de Transparencia, y el Decreto 103 del 20 de enero de<a class=\"moretag\" href=\"https:\/\/personeriaelcopey.com.co\/index.php\/transparencia\/\">Leer m\u00e1s&#8230;<\/a><\/p>\n","protected":false},"author":1,"featured_media":0,"parent":0,"menu_order":60,"comment_status":"closed","ping_status":"closed","template":"","meta":{"om_disable_all_campaigns":false,"_monsterinsights_skip_tracking":false,"_monsterinsights_sitenote_active":false,"_monsterinsights_sitenote_note":"","_monsterinsights_sitenote_category":0,"footnotes":""},"class_list":["post-112","page","type-page","status-publish","hentry"],"_links":{"self":[{"href":"https:\/\/personeriaelcopey.com.co\/index.php\/wp-json\/wp\/v2\/pages\/112","targetHints":{"allow":["GET"]}}],"collection":[{"href":"https:\/\/personeriaelcopey.com.co\/index.php\/wp-json\/wp\/v2\/pages"}],"about":[{"href":"https:\/\/personeriaelcopey.com.co\/index.php\/wp-json\/wp\/v2\/types\/page"}],"author":[{"embeddable":true,"href":"https:\/\/personeriaelcopey.com.co\/index.php\/wp-json\/wp\/v2\/users\/1"}],"replies":[{"embeddable":true,"href":"https:\/\/personeriaelcopey.com.co\/index.php\/wp-json\/wp\/v2\/comments?post=112"}],"version-history":[{"count":6,"href":"https:\/\/personeriaelcopey.com.co\/index.php\/wp-json\/wp\/v2\/pages\/112\/revisions"}],"predecessor-version":[{"id":518,"href":"https:\/\/personeriaelcopey.com.co\/index.php\/wp-json\/wp\/v2\/pages\/112\/revisions\/518"}],"wp:attachment":[{"href":"https:\/\/personeriaelcopey.com.co\/index.php\/wp-json\/wp\/v2\/media?parent=112"}],"curies":[{"name":"wp","href":"https:\/\/api.w.org\/{rel}","templated":true}]}}