{"id":106,"date":"2023-12-21T19:52:05","date_gmt":"2023-12-21T19:52:05","guid":{"rendered":"https:\/\/personeriaelcopey.com.co\/?page_id=106"},"modified":"2023-12-21T21:39:45","modified_gmt":"2023-12-21T21:39:45","slug":"desacato-de-tutela","status":"publish","type":"page","link":"https:\/\/personeriaelcopey.com.co\/index.php\/tramite-y-servicio\/desacato-de-tutela\/","title":{"rendered":"Desacato de tutela"},"content":{"rendered":"\n<p class=\"has-text-align-center\"><strong>DESACATO DE TUTELA<\/strong><\/p>\n\n\n\n<p><strong>CUMPLIMIENTO DE FALLO DE TUTELA: SANCIONES POR DESACATO<\/strong><\/p>\n\n\n\n<p>En el evento de incumplimiento total o parcial de un fallo de tutela, los ciudadanos cuentan con otra acci\u00f3n a su disposici\u00f3n, establecida en el Decreto 2591 de 1991 a nivel nacional.<\/p>\n\n\n\n<p><strong>ART\u00cdCULO 52: DESACATO<\/strong><\/p>\n\n\n\n<p>Quien desatienda una orden emitida por un juez con base en el mencionado Decreto enfrentar\u00e1 una sanci\u00f3n por desacato, susceptible de arresto por hasta seis meses y una multa de hasta 20 salarios m\u00ednimos mensuales. Este castigo se aplica, a menos que el Decreto establezca una consecuencia jur\u00eddica diferente, sin perjuicio de posibles sanciones penales.<\/p>\n\n\n\n<p><em>Para interpretar este inciso, es relevante considerar el art\u00edculo 474 de la Ley 599 de 2000, el C\u00f3digo Penal, el cual rige un a\u00f1o despu\u00e9s de su promulgaci\u00f3n.<\/em><\/p>\n\n\n\n<p>La Corte Constitucional, mediante la Sentencia C-092-97 del 26 de febrero de 1997, declar\u00f3 la constitucionalidad del primer inciso, con una nota aclaratoria. Se establece que la sanci\u00f3n ser\u00e1 impuesta por el mismo juez, ser\u00e1 consultada al superior jer\u00e1rquico, quien decidir\u00e1 en tres d\u00edas si debe revocarse la sanci\u00f3n.<\/p>\n\n\n\n<p><em>El fallo de la Sentencia C-243-96, reiterado en la Sentencia C-092-97, declar\u00f3 inexequible un aparte del inciso y dej\u00f3 vigente el resto.<\/em><\/p>\n\n\n\n<p><strong>ART\u00cdCULO 53: SANCIONES PENALES<\/strong><\/p>\n\n\n\n<p>Quien incumpla el fallo de tutela o el juez que descuide sus funciones conforme al Decreto, podr\u00eda incurrir en fraude a resoluci\u00f3n judicial, prevaricato por omisi\u00f3n o enfrentarse a las sanciones penales correspondientes. Adem\u00e1s, aquel que repita la acci\u00f3n u omisi\u00f3n que motiv\u00f3 la tutela otorgada mediante fallo ejecutoriado, siendo parte en el proceso, tambi\u00e9n ser\u00e1 sujeto de responsabilidad penal.<\/p>\n\n\n\n<p><\/p>\n","protected":false},"excerpt":{"rendered":"<p>DESACATO DE TUTELA CUMPLIMIENTO DE FALLO DE TUTELA: SANCIONES POR DESACATO En el evento de incumplimiento total o parcial de un fallo de tutela, los ciudadanos cuentan con otra acci\u00f3n a su<a class=\"moretag\" href=\"https:\/\/personeriaelcopey.com.co\/index.php\/tramite-y-servicio\/desacato-de-tutela\/\">Leer m\u00e1s&#8230;<\/a><\/p>\n","protected":false},"author":1,"featured_media":0,"parent":153,"menu_order":44,"comment_status":"closed","ping_status":"closed","template":"","meta":{"om_disable_all_campaigns":false,"_monsterinsights_skip_tracking":false,"_monsterinsights_sitenote_active":false,"_monsterinsights_sitenote_note":"","_monsterinsights_sitenote_category":0,"footnotes":""},"class_list":["post-106","page","type-page","status-publish","hentry"],"_links":{"self":[{"href":"https:\/\/personeriaelcopey.com.co\/index.php\/wp-json\/wp\/v2\/pages\/106","targetHints":{"allow":["GET"]}}],"collection":[{"href":"https:\/\/personeriaelcopey.com.co\/index.php\/wp-json\/wp\/v2\/pages"}],"about":[{"href":"https:\/\/personeriaelcopey.com.co\/index.php\/wp-json\/wp\/v2\/types\/page"}],"author":[{"embeddable":true,"href":"https:\/\/personeriaelcopey.com.co\/index.php\/wp-json\/wp\/v2\/users\/1"}],"replies":[{"embeddable":true,"href":"https:\/\/personeriaelcopey.com.co\/index.php\/wp-json\/wp\/v2\/comments?post=106"}],"version-history":[{"count":2,"href":"https:\/\/personeriaelcopey.com.co\/index.php\/wp-json\/wp\/v2\/pages\/106\/revisions"}],"predecessor-version":[{"id":165,"href":"https:\/\/personeriaelcopey.com.co\/index.php\/wp-json\/wp\/v2\/pages\/106\/revisions\/165"}],"up":[{"embeddable":true,"href":"https:\/\/personeriaelcopey.com.co\/index.php\/wp-json\/wp\/v2\/pages\/153"}],"wp:attachment":[{"href":"https:\/\/personeriaelcopey.com.co\/index.php\/wp-json\/wp\/v2\/media?parent=106"}],"curies":[{"name":"wp","href":"https:\/\/api.w.org\/{rel}","templated":true}]}}