{"id":104,"date":"2023-12-21T19:51:45","date_gmt":"2023-12-21T19:51:45","guid":{"rendered":"https:\/\/personeriaelcopey.com.co\/?page_id=104"},"modified":"2023-12-21T21:36:37","modified_gmt":"2023-12-21T21:36:37","slug":"acciones-populares","status":"publish","type":"page","link":"https:\/\/personeriaelcopey.com.co\/index.php\/tramite-y-servicio\/acciones-populares\/","title":{"rendered":"Acciones populares"},"content":{"rendered":"\n<p class=\"has-text-align-center\"><strong>ACCIONES POPULARES<\/strong><\/p>\n\n\n\n<p>La acci\u00f3n popular constituye un medio procesal consagrado en la Constituci\u00f3n y desarrollado por la Ley 472 de 1998 para salvaguardar los derechos e intereses colectivos.<\/p>\n\n\n\n<p><strong>\u00bfQU\u00c9 ES LA ACCI\u00d3N POPULAR?<\/strong><\/p>\n\n\n\n<p>La acci\u00f3n popular es un recurso procesal establecido en la Constituci\u00f3n y detallado por la Ley 472 de 1998, dise\u00f1ado para la protecci\u00f3n de derechos e intereses colectivos. Estos derechos son defendidos por cualquier persona que, perteneciendo a un grupo de la sociedad, est\u00e9 legitimada para actuar en nombre del conjunto afectado por eventos comunes. La acci\u00f3n popular busca prevenir, cesar y, en casos excepcionales, indemnizar da\u00f1os, proporcionando, en ocasiones, beneficios econ\u00f3micos adicionales a quienes la ejercen.<\/p>\n\n\n\n<p><strong>DIFERENCIA ENTRE ACCIONES POPULARES Y DE GRUPO:<\/strong><\/p>\n\n\n\n<p>La acci\u00f3n popular y la acci\u00f3n de grupo, a pesar de regularse bajo el art\u00edculo 88 de la Constituci\u00f3n y la Ley 472 de 1998, respectivamente, difieren en su enfoque y objetivos. Las acciones populares tienen un alcance m\u00e1s amplio, abordando la prevenci\u00f3n, restituci\u00f3n y, en casos excepcionales, indemnizaci\u00f3n de da\u00f1os colectivos. Por otro lado, las acciones de grupo buscan exclusivamente la indemnizaci\u00f3n de perjuicios causados a un grupo de al menos 20 personas con condiciones uniformes relacionadas con la causa del da\u00f1o.<\/p>\n\n\n\n<p><strong>EJEMPLO DE DIFERENCIACI\u00d3N:<\/strong><\/p>\n\n\n\n<p>Un ejemplo ilustrativo es el siguiente: si la acci\u00f3n tiene como prop\u00f3sito evitar la venta de un producto m\u00e9dico con consecuencias letales, se recurrir\u00eda a la acci\u00f3n popular (prevenci\u00f3n). Si mil personas consumieron el producto y fallecieron, se optar\u00eda por la acci\u00f3n de grupo para buscar indemnizaci\u00f3n por los perjuicios individuales de cada v\u00edctima.<\/p>\n\n\n\n<p><strong>DERECHOS E INTERESES PROTEGIDOS:<\/strong><\/p>\n\n\n\n<p>Las acciones populares defienden diversos derechos e intereses colectivos, tales como:<\/p>\n\n\n\n<ul class=\"wp-block-list\">\n<li>Goce de un ambiente sano.<\/li>\n\n\n\n<li>Moralidad administrativa.<\/li>\n\n\n\n<li>Equilibrio ecol\u00f3gico y manejo racional de recursos naturales.<\/li>\n\n\n\n<li>Uso y defensa de bienes de uso p\u00fablico.<\/li>\n\n\n\n<li>Defensa del patrimonio p\u00fablico y cultural.<\/li>\n\n\n\n<li>Seguridad y salubridad p\u00fablicas.<\/li>\n\n\n\n<li>Acceso a servicios p\u00fablicos eficientes.<\/li>\n\n\n\n<li>Prohibici\u00f3n de armas qu\u00edmicas, biol\u00f3gicas y nucleares.<\/li>\n\n\n\n<li>Seguridad y prevenci\u00f3n de desastres previsibles.<\/li>\n\n\n\n<li>Construcciones y desarrollos urbanos ordenados.<\/li>\n\n\n\n<li>Derechos de consumidores y usuarios, entre otros.<\/li>\n<\/ul>\n\n\n\n<p><strong>CASOS PROCEDENTES DE ACCIONES POPULARES:<\/strong><\/p>\n\n\n\n<p>Las acciones populares son procedentes cuando se vulneran o amenazan derechos e intereses colectivos debido a la acci\u00f3n u omisi\u00f3n de autoridades p\u00fablicas o particulares.<\/p>\n\n\n\n<p><strong>LEGITIMADOS PARA EJERCER ACCIONES POPULARES:<\/strong><\/p>\n\n\n\n<p>Las acciones populares pueden ser ejercidas por personas naturales o jur\u00eddicas, organizaciones no gubernamentales, entidades p\u00fablicas de control y vigilancia, el Procurador General de la Naci\u00f3n, el Defensor del Pueblo, personeros distritales y municipales, alcaldes y otros servidores p\u00fablicos encargados de proteger estos derechos.<\/p>\n\n\n\n<p><strong>DESTINATARIOS DE LA ACCI\u00d3N POPULAR:<\/strong><\/p>\n\n\n\n<p>La acci\u00f3n popular se dirige contra particulares, personas naturales o jur\u00eddicas, o autoridades p\u00fablicas cuyas acciones u omisiones amenacen o vulneren derechos e intereses colectivos.<\/p>\n\n\n\n<p><strong>JURISDICCI\u00d3N Y PROCEDIMIENTO:<\/strong><\/p>\n\n\n\n<p>Las acciones populares se interponen ante el Tribunal Contencioso Administrativo correspondiente o, mientras se crean, ante los jueces de circuito. El proceso sigue un procedimiento que incluye la presentaci\u00f3n de la demanda, la notificaci\u00f3n, el traslado al demandado, audiencia de conciliaci\u00f3n, decreto de pruebas, per\u00edodo probatorio, alegatos de conclusi\u00f3n, fallo de primera instancia, y, en caso de apelaci\u00f3n, el tr\u00e1mite de segunda instancia.<\/p>\n\n\n\n<p><strong>EFECTOS Y RECOMPENSAS:<\/strong><\/p>\n\n\n\n<p>La sentencia de la acci\u00f3n popular tiene efectos de cosa juzgada erga omnes, vinculando a todas las partes y al p\u00fablico en general. Adem\u00e1s, el demandante victorioso recibe una recompensa econ\u00f3mica, que var\u00eda entre<\/p>\n\n\n\n<p><\/p>\n","protected":false},"excerpt":{"rendered":"<p>ACCIONES POPULARES La acci\u00f3n popular constituye un medio procesal consagrado en la Constituci\u00f3n y desarrollado por la Ley 472 de 1998 para salvaguardar los derechos e intereses colectivos. \u00bfQU\u00c9 ES LA ACCI\u00d3N<a class=\"moretag\" href=\"https:\/\/personeriaelcopey.com.co\/index.php\/tramite-y-servicio\/acciones-populares\/\">Leer m\u00e1s&#8230;<\/a><\/p>\n","protected":false},"author":1,"featured_media":0,"parent":153,"menu_order":43,"comment_status":"closed","ping_status":"closed","template":"","meta":{"om_disable_all_campaigns":false,"_monsterinsights_skip_tracking":false,"_monsterinsights_sitenote_active":false,"_monsterinsights_sitenote_note":"","_monsterinsights_sitenote_category":0,"footnotes":""},"class_list":["post-104","page","type-page","status-publish","hentry"],"_links":{"self":[{"href":"https:\/\/personeriaelcopey.com.co\/index.php\/wp-json\/wp\/v2\/pages\/104","targetHints":{"allow":["GET"]}}],"collection":[{"href":"https:\/\/personeriaelcopey.com.co\/index.php\/wp-json\/wp\/v2\/pages"}],"about":[{"href":"https:\/\/personeriaelcopey.com.co\/index.php\/wp-json\/wp\/v2\/types\/page"}],"author":[{"embeddable":true,"href":"https:\/\/personeriaelcopey.com.co\/index.php\/wp-json\/wp\/v2\/users\/1"}],"replies":[{"embeddable":true,"href":"https:\/\/personeriaelcopey.com.co\/index.php\/wp-json\/wp\/v2\/comments?post=104"}],"version-history":[{"count":2,"href":"https:\/\/personeriaelcopey.com.co\/index.php\/wp-json\/wp\/v2\/pages\/104\/revisions"}],"predecessor-version":[{"id":163,"href":"https:\/\/personeriaelcopey.com.co\/index.php\/wp-json\/wp\/v2\/pages\/104\/revisions\/163"}],"up":[{"embeddable":true,"href":"https:\/\/personeriaelcopey.com.co\/index.php\/wp-json\/wp\/v2\/pages\/153"}],"wp:attachment":[{"href":"https:\/\/personeriaelcopey.com.co\/index.php\/wp-json\/wp\/v2\/media?parent=104"}],"curies":[{"name":"wp","href":"https:\/\/api.w.org\/{rel}","templated":true}]}}